{"id":21,"date":"2024-04-11T13:34:01","date_gmt":"2024-04-11T11:34:01","guid":{"rendered":"https:\/\/elisabethbythesea.rkinnova.com\/?page_id=21"},"modified":"2026-04-27T12:06:14","modified_gmt":"2026-04-27T10:06:14","slug":"donde-estamos-ubicados","status":"publish","type":"page","link":"https:\/\/elisabethbytheseahotel.com\/ca\/contacte\/","title":{"rendered":"Contacteu"},"content":{"rendered":"<div class=\"wp-block-uagb-container uagb-block-dbfc02f0 alignfull uagb-is-root-container\"><div class=\"uagb-container-inner-blocks-wrap\">\n<div class=\"wp-block-uagb-container uagb-block-a281f616 alignfull uagb-is-root-container\"><div class=\"uagb-container-inner-blocks-wrap\">\n<div class=\"wp-block-uagb-container uagb-block-d61dbf40\">\n<div class=\"wp-block-uagb-advanced-heading uagb-block-ae81c61c\"><h2 class=\"uagb-heading-text\">Adre\u00e7a<\/h2><\/div>\n\n\n\n<div class=\"wp-block-uagb-advanced-heading uagb-block-1ce08468\"><p class=\"uagb-heading-text\">Passeig Cinto Verdaguer 53.<br>17320 &#8211; Tossa de Mar<\/p><\/div>\n\n\n\n<div class=\"wp-block-uagb-advanced-heading uagb-block-47e6b480\"><h2 class=\"uagb-heading-text\">Adre\u00e7a del p\u00e0rquing<\/h2><\/div>\n\n\n\n<div class=\"wp-block-uagb-advanced-heading uagb-block-d40ca166\"><p class=\"uagb-heading-text\">Aparcamiento de pago, Avenida La Palma 16.<\/p><\/div>\n\n\n\n<div class=\"wp-block-uagb-advanced-heading uagb-block-2b96ebc0\"><p class=\"uagb-heading-text\">Tel\u00e8fon <a href=\"tel: 34 972 69 69 62\">+34 972 69 69 62<\/a><\/p><\/div>\n\n\n\n<div class=\"wp-block-uagb-advanced-heading uagb-block-5fa484ba\"><p class=\"uagb-heading-text\">Email: <a href=\"mailto:info@bondiahotels.com\">info@bondiahotels.com<\/a><\/p><\/div>\n<\/div>\n\n\n\n<div class=\"wp-block-uagb-container uagb-block-7b43e5a4\">\n<div class=\"wp-block-uagb-image uagb-block-d7281218 wp-block-uagb-image--layout-default wp-block-uagb-image--effect-grayscale wp-block-uagb-image--align-none\"><figure class=\"wp-block-uagb-image__figure\"><img decoding=\"async\" srcset=\"https:\/\/elisabethbytheseahotel.com\/wp-content\/uploads\/Entrada-hotel-1024x683.jpg ,https:\/\/elisabethbytheseahotel.com\/wp-content\/uploads\/Entrada-hotel.jpg 780w, https:\/\/elisabethbytheseahotel.com\/wp-content\/uploads\/Entrada-hotel.jpg 360w\" sizes=\"auto, (max-width: 480px) 150px\" src=\"https:\/\/elisabethbytheseahotel.com\/wp-content\/uploads\/Entrada-hotel-1024x683.jpg\" alt=\"\" class=\"uag-image-1621\" width=\"1024\" height=\"683\" title=\"Entrada hotel\" loading=\"lazy\" role=\"img\"\/><\/figure><\/div>\n<\/div>\n<\/div><\/div>\n\n\n\n<div class=\"wp-block-uagb-container uagb-block-22b80a50 alignfull uagb-is-root-container\"><div class=\"uagb-container-inner-blocks-wrap\">\n<iframe loading=\"lazy\" src=\"https:\/\/www.google.com\/maps\/d\/u\/0\/embed?mid=1Armarch9p7WhVyHJisfYbt50DYTTUzE&#038;ehbc=2E312F&#038;noprof=1\" width=\"640\" height=\"480\"><\/iframe>\n<\/div><\/div>\n<\/div><\/div>","protected":false},"excerpt":{"rendered":"<p>Direcci\u00f3n Passeig Cinto Verdaguer 53.17320 &#8211; Tossa de Mar Direcci\u00f3n Parking Aparcamiento de pago, Avenida La Palma 16. Tel\u00e9fono: +34 [&hellip;]<\/p>","protected":false},"author":1,"featured_media":0,"parent":0,"menu_order":0,"comment_status":"closed","ping_status":"closed","template":"","meta":{"_uag_custom_page_level_css":".img-custom-rounded img {\n  width: 150%!important;\n  max-width: 180%;\n  margin-left: -20%;\n  height: auto;\n  object-fit: cover;\n  border-radius: 10px;\n  display: block;\n}\n","site-sidebar-layout":"default","site-content-layout":"","ast-site-content-layout":"","site-content-style":"default","site-sidebar-style":"default","ast-global-header-display":"","ast-banner-title-visibility":"","ast-main-header-display":"","ast-hfb-above-header-display":"","ast-hfb-below-header-display":"","ast-hfb-mobile-header-display":"","site-post-title":"","ast-breadcrumbs-content":"","ast-featured-img":"","footer-sml-layout":"","theme-transparent-header-meta":"","adv-header-id-meta":"","stick-header-meta":"","header-above-stick-meta":"","header-main-stick-meta":"","header-below-stick-meta":"","astra-migrate-meta-layouts":"default","ast-page-background-enabled":"enabled","ast-page-background-meta":{"desktop":{"background-color":"#fffff2","background-image":"","background-repeat":"repeat","background-position":"center center","background-size":"auto","background-attachment":"scroll","background-type":"color","background-media":"","overlay-type":"","overlay-color":"","overlay-gradient":""},"tablet":{"background-color":"#fffff2","background-image":"","background-repeat":"repeat","background-position":"center center","background-size":"auto","background-attachment":"scroll","background-type":"color","background-media":"","overlay-type":"","overlay-color":"","overlay-gradient":""},"mobile":{"background-color":"#fffff2","background-image":"","background-repeat":"repeat","background-position":"center center","background-size":"auto","background-attachment":"scroll","background-type":"color","background-media":"","overlay-type":"","overlay-color":"","overlay-gradient":""}},"ast-content-background-meta":{"desktop":{"background-color":"#fffff2","background-image":"","background-repeat":"repeat","background-position":"center center","background-size":"auto","background-attachment":"scroll","background-type":"color","background-media":"","overlay-type":"","overlay-color":"","overlay-gradient":""},"tablet":{"background-color":"#fffff2","background-image":"","background-repeat":"repeat","background-position":"center center","background-size":"auto","background-attachment":"scroll","background-type":"color","background-media":"","overlay-type":"","overlay-color":"","overlay-gradient":""},"mobile":{"background-color":"#fffff2","background-image":"","background-repeat":"repeat","background-position":"center center","background-size":"auto","background-attachment":"scroll","background-type":"color","background-media":"","overlay-type":"","overlay-color":"","overlay-gradient":""}},"footnotes":""},"class_list":["post-21","page","type-page","status-publish","hentry"],"yoast_head":"<!-- This site is optimized with the Yoast SEO plugin v23.0 - https:\/\/yoast.com\/wordpress\/plugins\/seo\/ -->\n<title>Contacto | Elisabeth by the Sea<\/title>\n<meta name=\"description\" content=\"Ponte en contacto con nosotros para reservas o consultas. Estamos aqu\u00ed para hacer tu estancia inolvidable.\" \/>\n<meta name=\"robots\" content=\"index, follow, max-snippet:-1, max-image-preview:large, max-video-preview:-1\" \/>\n<link rel=\"canonical\" href=\"https:\/\/elisabethbytheseahotel.com\/ca\/contacte\/\" \/>\n<meta property=\"og:locale\" content=\"ca_ES\" \/>\n<meta property=\"og:type\" content=\"article\" \/>\n<meta property=\"og:title\" content=\"Contacto | Elisabeth by the Sea\" \/>\n<meta property=\"og:description\" content=\"Ponte en contacto con nosotros para reservas o consultas. Estamos aqu\u00ed para hacer tu estancia inolvidable.\" \/>\n<meta property=\"og:url\" content=\"https:\/\/elisabethbytheseahotel.com\/ca\/contacte\/\" \/>\n<meta property=\"og:site_name\" content=\"Hotel Elisabeth By The Sea\" \/>\n<meta property=\"article:modified_time\" content=\"2026-04-27T10:06:14+00:00\" \/>\n<meta property=\"og:image\" content=\"https:\/\/elisabethbytheseahotel.com\/wp-content\/uploads\/Entrada-hotel-1024x683.jpg\" \/>\n<meta name=\"twitter:card\" content=\"summary_large_image\" \/>\n<meta name=\"twitter:label1\" content=\"Temps estimat de lectura\" \/>\n\t<meta name=\"twitter:data1\" content=\"1 minut\" \/>\n<script type=\"application\/ld+json\" class=\"yoast-schema-graph\">{\"@context\":\"https:\/\/schema.org\",\"@graph\":[{\"@type\":\"WebPage\",\"@id\":\"https:\/\/elisabethbytheseahotel.com\/donde-estamos-ubicados\/\",\"url\":\"https:\/\/elisabethbytheseahotel.com\/donde-estamos-ubicados\/\",\"name\":\"Contacto | Elisabeth by the Sea\",\"isPartOf\":{\"@id\":\"https:\/\/elisabethbytheseahotel.com\/#website\"},\"primaryImageOfPage\":{\"@id\":\"https:\/\/elisabethbytheseahotel.com\/donde-estamos-ubicados\/#primaryimage\"},\"image\":{\"@id\":\"https:\/\/elisabethbytheseahotel.com\/donde-estamos-ubicados\/#primaryimage\"},\"thumbnailUrl\":\"https:\/\/elisabethbytheseahotel.com\/wp-content\/uploads\/Entrada-hotel-1024x683.jpg\",\"datePublished\":\"2024-04-11T11:34:01+00:00\",\"dateModified\":\"2026-04-27T10:06:14+00:00\",\"description\":\"Ponte en contacto con nosotros para reservas o consultas. Estamos aqu\u00ed para hacer tu estancia inolvidable.\",\"breadcrumb\":{\"@id\":\"https:\/\/elisabethbytheseahotel.com\/donde-estamos-ubicados\/#breadcrumb\"},\"inLanguage\":\"ca\",\"potentialAction\":[{\"@type\":\"ReadAction\",\"target\":[\"https:\/\/elisabethbytheseahotel.com\/donde-estamos-ubicados\/\"]}]},{\"@type\":\"ImageObject\",\"inLanguage\":\"ca\",\"@id\":\"https:\/\/elisabethbytheseahotel.com\/donde-estamos-ubicados\/#primaryimage\",\"url\":\"https:\/\/elisabethbytheseahotel.com\/wp-content\/uploads\/Entrada-hotel-1024x683.jpg\",\"contentUrl\":\"https:\/\/elisabethbytheseahotel.com\/wp-content\/uploads\/Entrada-hotel-1024x683.jpg\"},{\"@type\":\"BreadcrumbList\",\"@id\":\"https:\/\/elisabethbytheseahotel.com\/donde-estamos-ubicados\/#breadcrumb\",\"itemListElement\":[{\"@type\":\"ListItem\",\"position\":1,\"name\":\"Portada\",\"item\":\"https:\/\/elisabethbytheseahotel.com\/\"},{\"@type\":\"ListItem\",\"position\":2,\"name\":\"Contacto\"}]},{\"@type\":\"WebSite\",\"@id\":\"https:\/\/elisabethbytheseahotel.com\/#website\",\"url\":\"https:\/\/elisabethbytheseahotel.com\/\",\"name\":\"Hotel Elisabeth By The Sea\",\"description\":\"\",\"publisher\":{\"@id\":\"https:\/\/elisabethbytheseahotel.com\/#organization\"},\"potentialAction\":[{\"@type\":\"SearchAction\",\"target\":{\"@type\":\"EntryPoint\",\"urlTemplate\":\"https:\/\/elisabethbytheseahotel.com\/?s={search_term_string}\"},\"query-input\":\"required name=search_term_string\"}],\"inLanguage\":\"ca\"},{\"@type\":\"Organization\",\"@id\":\"https:\/\/elisabethbytheseahotel.com\/#organization\",\"name\":\"Hotel Elisabeth By The Sea\",\"url\":\"https:\/\/elisabethbytheseahotel.com\/\",\"logo\":{\"@type\":\"ImageObject\",\"inLanguage\":\"ca\",\"@id\":\"https:\/\/elisabethbytheseahotel.com\/#\/schema\/logo\/image\/\",\"url\":\"https:\/\/elisabethbytheseahotel.com\/wp-content\/uploads\/Elisabeth-by-the-Sea-hotel-LOGO-1.svg\",\"contentUrl\":\"https:\/\/elisabethbytheseahotel.com\/wp-content\/uploads\/Elisabeth-by-the-Sea-hotel-LOGO-1.svg\",\"width\":1920,\"height\":1080,\"caption\":\"Hotel Elisabeth By The Sea\"},\"image\":{\"@id\":\"https:\/\/elisabethbytheseahotel.com\/#\/schema\/logo\/image\/\"},\"sameAs\":[\"https:\/\/www.instagram.com\/elisabeth_by_the_sea\/\"]}]}<\/script>\n<!-- \/ Yoast SEO plugin. -->","yoast_head_json":{"title":"Contacto | Elisabeth by the Sea","description":"Ponte en contacto con nosotros para reservas o consultas. Estamos aqu\u00ed para hacer tu estancia inolvidable.","robots":{"index":"index","follow":"follow","max-snippet":"max-snippet:-1","max-image-preview":"max-image-preview:large","max-video-preview":"max-video-preview:-1"},"canonical":"https:\/\/elisabethbytheseahotel.com\/ca\/contacte\/","og_locale":"ca_ES","og_type":"article","og_title":"Contacto | Elisabeth by the Sea","og_description":"Ponte en contacto con nosotros para reservas o consultas. Estamos aqu\u00ed para hacer tu estancia inolvidable.","og_url":"https:\/\/elisabethbytheseahotel.com\/ca\/contacte\/","og_site_name":"Hotel Elisabeth By The Sea","article_modified_time":"2026-04-27T10:06:14+00:00","og_image":[{"url":"https:\/\/elisabethbytheseahotel.com\/wp-content\/uploads\/Entrada-hotel-1024x683.jpg"}],"twitter_card":"summary_large_image","twitter_misc":{"Temps estimat de lectura":"1 minut"},"schema":{"@context":"https:\/\/schema.org","@graph":[{"@type":"WebPage","@id":"https:\/\/elisabethbytheseahotel.com\/donde-estamos-ubicados\/","url":"https:\/\/elisabethbytheseahotel.com\/donde-estamos-ubicados\/","name":"Contacto | Elisabeth by the Sea","isPartOf":{"@id":"https:\/\/elisabethbytheseahotel.com\/#website"},"primaryImageOfPage":{"@id":"https:\/\/elisabethbytheseahotel.com\/donde-estamos-ubicados\/#primaryimage"},"image":{"@id":"https:\/\/elisabethbytheseahotel.com\/donde-estamos-ubicados\/#primaryimage"},"thumbnailUrl":"https:\/\/elisabethbytheseahotel.com\/wp-content\/uploads\/Entrada-hotel-1024x683.jpg","datePublished":"2024-04-11T11:34:01+00:00","dateModified":"2026-04-27T10:06:14+00:00","description":"Ponte en contacto con nosotros para reservas o consultas. Estamos aqu\u00ed para hacer tu estancia inolvidable.","breadcrumb":{"@id":"https:\/\/elisabethbytheseahotel.com\/donde-estamos-ubicados\/#breadcrumb"},"inLanguage":"ca","potentialAction":[{"@type":"ReadAction","target":["https:\/\/elisabethbytheseahotel.com\/donde-estamos-ubicados\/"]}]},{"@type":"ImageObject","inLanguage":"ca","@id":"https:\/\/elisabethbytheseahotel.com\/donde-estamos-ubicados\/#primaryimage","url":"https:\/\/elisabethbytheseahotel.com\/wp-content\/uploads\/Entrada-hotel-1024x683.jpg","contentUrl":"https:\/\/elisabethbytheseahotel.com\/wp-content\/uploads\/Entrada-hotel-1024x683.jpg"},{"@type":"BreadcrumbList","@id":"https:\/\/elisabethbytheseahotel.com\/donde-estamos-ubicados\/#breadcrumb","itemListElement":[{"@type":"ListItem","position":1,"name":"Portada","item":"https:\/\/elisabethbytheseahotel.com\/"},{"@type":"ListItem","position":2,"name":"Contacto"}]},{"@type":"WebSite","@id":"https:\/\/elisabethbytheseahotel.com\/#website","url":"https:\/\/elisabethbytheseahotel.com\/","name":"Hotel Elisabeth By The Sea","description":"","publisher":{"@id":"https:\/\/elisabethbytheseahotel.com\/#organization"},"potentialAction":[{"@type":"SearchAction","target":{"@type":"EntryPoint","urlTemplate":"https:\/\/elisabethbytheseahotel.com\/?s={search_term_string}"},"query-input":"required name=search_term_string"}],"inLanguage":"ca"},{"@type":"Organization","@id":"https:\/\/elisabethbytheseahotel.com\/#organization","name":"Hotel Elisabeth By The Sea","url":"https:\/\/elisabethbytheseahotel.com\/","logo":{"@type":"ImageObject","inLanguage":"ca","@id":"https:\/\/elisabethbytheseahotel.com\/#\/schema\/logo\/image\/","url":"https:\/\/elisabethbytheseahotel.com\/wp-content\/uploads\/Elisabeth-by-the-Sea-hotel-LOGO-1.svg","contentUrl":"https:\/\/elisabethbytheseahotel.com\/wp-content\/uploads\/Elisabeth-by-the-Sea-hotel-LOGO-1.svg","width":1920,"height":1080,"caption":"Hotel Elisabeth By The Sea"},"image":{"@id":"https:\/\/elisabethbytheseahotel.com\/#\/schema\/logo\/image\/"},"sameAs":["https:\/\/www.instagram.com\/elisabeth_by_the_sea\/"]}]}},"spectra_custom_meta":{"_edit_lock":["1777284375:5"],"_edit_last":["5"],"_yoast_wpseo_content_score":["90"],"_yoast_wpseo_estimated-reading-time-minutes":["1"],"_yoast_wpseo_wordproof_timestamp":[""],"_uag_custom_page_level_css":[".img-custom-rounded img {\n  width: 150%!important;\n  max-width: 180%;\n  margin-left: -20%;\n  height: auto;\n  object-fit: cover;\n  border-radius: 10px;\n  display: block;\n}\n"],"theme-transparent-header-meta":[""],"adv-header-id-meta":[""],"stick-header-meta":[""],"ast-page-background-enabled":["enabled"],"ast-page-background-meta":["a:3:{s:7:\"desktop\";a:11:{s:16:\"background-color\";s:7:\"#fffff2\";s:16:\"background-image\";s:0:\"\";s:17:\"background-repeat\";s:6:\"repeat\";s:19:\"background-position\";s:13:\"center center\";s:15:\"background-size\";s:4:\"auto\";s:21:\"background-attachment\";s:6:\"scroll\";s:15:\"background-type\";s:5:\"color\";s:16:\"background-media\";s:0:\"\";s:12:\"overlay-type\";s:0:\"\";s:13:\"overlay-color\";s:0:\"\";s:16:\"overlay-gradient\";s:0:\"\";}s:6:\"tablet\";a:11:{s:16:\"background-color\";s:7:\"#fffff2\";s:16:\"background-image\";s:0:\"\";s:17:\"background-repeat\";s:6:\"repeat\";s:19:\"background-position\";s:13:\"center center\";s:15:\"background-size\";s:4:\"auto\";s:21:\"background-attachment\";s:6:\"scroll\";s:15:\"background-type\";s:5:\"color\";s:16:\"background-media\";s:0:\"\";s:12:\"overlay-type\";s:0:\"\";s:13:\"overlay-color\";s:0:\"\";s:16:\"overlay-gradient\";s:0:\"\";}s:6:\"mobile\";a:11:{s:16:\"background-color\";s:7:\"#fffff2\";s:16:\"background-image\";s:0:\"\";s:17:\"background-repeat\";s:6:\"repeat\";s:19:\"background-position\";s:13:\"center center\";s:15:\"background-size\";s:4:\"auto\";s:21:\"background-attachment\";s:6:\"scroll\";s:15:\"background-type\";s:5:\"color\";s:16:\"background-media\";s:0:\"\";s:12:\"overlay-type\";s:0:\"\";s:13:\"overlay-color\";s:0:\"\";s:16:\"overlay-gradient\";s:0:\"\";}}"],"ast-content-background-meta":["a:3:{s:7:\"desktop\";a:11:{s:16:\"background-color\";s:7:\"#fffff2\";s:16:\"background-image\";s:0:\"\";s:17:\"background-repeat\";s:6:\"repeat\";s:19:\"background-position\";s:13:\"center center\";s:15:\"background-size\";s:4:\"auto\";s:21:\"background-attachment\";s:6:\"scroll\";s:15:\"background-type\";s:5:\"color\";s:16:\"background-media\";s:0:\"\";s:12:\"overlay-type\";s:0:\"\";s:13:\"overlay-color\";s:0:\"\";s:16:\"overlay-gradient\";s:0:\"\";}s:6:\"tablet\";a:11:{s:16:\"background-color\";s:7:\"#fffff2\";s:16:\"background-image\";s:0:\"\";s:17:\"background-repeat\";s:6:\"repeat\";s:19:\"background-position\";s:13:\"center center\";s:15:\"background-size\";s:4:\"auto\";s:21:\"background-attachment\";s:6:\"scroll\";s:15:\"background-type\";s:5:\"color\";s:16:\"background-media\";s:0:\"\";s:12:\"overlay-type\";s:0:\"\";s:13:\"overlay-color\";s:0:\"\";s:16:\"overlay-gradient\";s:0:\"\";}s:6:\"mobile\";a:11:{s:16:\"background-color\";s:7:\"#fffff2\";s:16:\"background-image\";s:0:\"\";s:17:\"background-repeat\";s:6:\"repeat\";s:19:\"background-position\";s:13:\"center center\";s:15:\"background-size\";s:4:\"auto\";s:21:\"background-attachment\";s:6:\"scroll\";s:15:\"background-type\";s:5:\"color\";s:16:\"background-media\";s:0:\"\";s:12:\"overlay-type\";s:0:\"\";s:13:\"overlay-color\";s:0:\"\";s:16:\"overlay-gradient\";s:0:\"\";}}"],"footnotes":[""],"_trp_translated_slug_en_GB":["contact-us"],"_trp_translated_slug_fr_FR":["contact-et-localisation"],"cmplz_hide_cookiebanner":[""],"_yoast_wpseo_title":["Contacto | Elisabeth by the Sea"],"_yoast_wpseo_metadesc":["Ponte en contacto con nosotros para reservas o consultas. Estamos aqu\u00ed para hacer tu estancia inolvidable."],"_cmplz_scanned_post":["1"],"site-sidebar-layout":["default"],"site-content-layout":[""],"ast-site-content-layout":[""],"site-content-style":["default"],"site-sidebar-style":["default"],"ast-global-header-display":[""],"ast-banner-title-visibility":[""],"ast-main-header-display":[""],"ast-hfb-above-header-display":[""],"ast-hfb-below-header-display":[""],"ast-hfb-mobile-header-display":[""],"site-post-title":[""],"ast-breadcrumbs-content":[""],"ast-featured-img":[""],"footer-sml-layout":[""],"header-above-stick-meta":[""],"header-main-stick-meta":[""],"header-below-stick-meta":[""],"astra-migrate-meta-layouts":["default"],"_uagb_previous_block_counts":["a:90:{s:21:\"uagb\/advanced-heading\";i:6;s:15:\"uagb\/blockquote\";i:0;s:12:\"uagb\/buttons\";i:0;s:18:\"uagb\/buttons-child\";i:0;s:19:\"uagb\/call-to-action\";i:0;s:15:\"uagb\/cf7-styler\";i:0;s:11:\"uagb\/column\";i:0;s:12:\"uagb\/columns\";i:0;s:14:\"uagb\/container\";i:5;s:21:\"uagb\/content-timeline\";i:0;s:27:\"uagb\/content-timeline-child\";i:0;s:14:\"uagb\/countdown\";i:0;s:12:\"uagb\/counter\";i:0;s:8:\"uagb\/faq\";i:0;s:14:\"uagb\/faq-child\";i:0;s:10:\"uagb\/forms\";i:0;s:17:\"uagb\/forms-accept\";i:0;s:19:\"uagb\/forms-checkbox\";i:0;s:15:\"uagb\/forms-date\";i:0;s:16:\"uagb\/forms-email\";i:0;s:17:\"uagb\/forms-hidden\";i:0;s:15:\"uagb\/forms-name\";i:0;s:16:\"uagb\/forms-phone\";i:0;s:16:\"uagb\/forms-radio\";i:0;s:17:\"uagb\/forms-select\";i:0;s:19:\"uagb\/forms-textarea\";i:0;s:17:\"uagb\/forms-toggle\";i:0;s:14:\"uagb\/forms-url\";i:0;s:14:\"uagb\/gf-styler\";i:0;s:15:\"uagb\/google-map\";i:0;s:11:\"uagb\/how-to\";i:0;s:16:\"uagb\/how-to-step\";i:0;s:9:\"uagb\/icon\";i:0;s:14:\"uagb\/icon-list\";i:0;s:20:\"uagb\/icon-list-child\";i:0;s:10:\"uagb\/image\";i:1;s:18:\"uagb\/image-gallery\";i:0;s:13:\"uagb\/info-box\";i:0;s:18:\"uagb\/inline-notice\";i:0;s:11:\"uagb\/lottie\";i:0;s:21:\"uagb\/marketing-button\";i:0;s:10:\"uagb\/modal\";i:0;s:18:\"uagb\/popup-builder\";i:0;s:16:\"uagb\/post-button\";i:0;s:18:\"uagb\/post-carousel\";i:0;s:17:\"uagb\/post-excerpt\";i:0;s:14:\"uagb\/post-grid\";i:0;s:15:\"uagb\/post-image\";i:0;s:17:\"uagb\/post-masonry\";i:0;s:14:\"uagb\/post-meta\";i:0;s:18:\"uagb\/post-taxonomy\";i:0;s:18:\"uagb\/post-timeline\";i:0;s:15:\"uagb\/post-title\";i:0;s:20:\"uagb\/restaurant-menu\";i:0;s:26:\"uagb\/restaurant-menu-child\";i:0;s:11:\"uagb\/review\";i:0;s:12:\"uagb\/section\";i:0;s:14:\"uagb\/separator\";i:0;s:11:\"uagb\/slider\";i:0;s:17:\"uagb\/slider-child\";i:0;s:17:\"uagb\/social-share\";i:0;s:23:\"uagb\/social-share-child\";i:0;s:16:\"uagb\/star-rating\";i:0;s:23:\"uagb\/sure-cart-checkout\";i:0;s:22:\"uagb\/sure-cart-product\";i:0;s:15:\"uagb\/sure-forms\";i:0;s:22:\"uagb\/table-of-contents\";i:0;s:9:\"uagb\/tabs\";i:0;s:15:\"uagb\/tabs-child\";i:0;s:18:\"uagb\/taxonomy-list\";i:0;s:9:\"uagb\/team\";i:0;s:16:\"uagb\/testimonial\";i:0;s:14:\"uagb\/wp-search\";i:0;s:19:\"uagb\/instagram-feed\";i:0;s:10:\"uagb\/login\";i:0;s:17:\"uagb\/loop-builder\";i:0;s:18:\"uagb\/loop-category\";i:0;s:20:\"uagb\/loop-pagination\";i:0;s:15:\"uagb\/loop-reset\";i:0;s:16:\"uagb\/loop-search\";i:0;s:14:\"uagb\/loop-sort\";i:0;s:17:\"uagb\/loop-wrapper\";i:0;s:13:\"uagb\/register\";i:0;s:19:\"uagb\/register-email\";i:0;s:24:\"uagb\/register-first-name\";i:0;s:23:\"uagb\/register-last-name\";i:0;s:22:\"uagb\/register-password\";i:0;s:30:\"uagb\/register-reenter-password\";i:0;s:19:\"uagb\/register-terms\";i:0;s:22:\"uagb\/register-username\";i:0;}"],"_uagb_last_spectra_edit":["1777031412"],"_trp_translated_slug_ca":["contacte"],"_uag_css_file_name":["uag-css-21.css"]},"uagb_featured_image_src":{"full":false,"thumbnail":false,"medium":false,"medium_large":false,"large":false,"1536x1536":false,"2048x2048":false,"trp-custom-language-flag":false,"gform-image-choice-sm":false,"gform-image-choice-md":false,"gform-image-choice-lg":false},"uagb_author_info":{"display_name":"elisabethministrator","author_link":"https:\/\/elisabethbytheseahotel.com\/ca\/author\/cdc070784f10c4e1\/"},"uagb_comment_info":0,"uagb_excerpt":"Direcci\u00f3n Passeig Cinto Verdaguer 53.17320 &#8211; Tossa de Mar Direcci\u00f3n Parking Aparcamiento de pago, Avenida La Palma 16. Tel\u00e9fono: +34 [&hellip;]","_links":{"self":[{"href":"https:\/\/elisabethbytheseahotel.com\/ca\/wp-json\/wp\/v2\/pages\/21","targetHints":{"allow":["GET"]}}],"collection":[{"href":"https:\/\/elisabethbytheseahotel.com\/ca\/wp-json\/wp\/v2\/pages"}],"about":[{"href":"https:\/\/elisabethbytheseahotel.com\/ca\/wp-json\/wp\/v2\/types\/page"}],"author":[{"embeddable":true,"href":"https:\/\/elisabethbytheseahotel.com\/ca\/wp-json\/wp\/v2\/users\/1"}],"replies":[{"embeddable":true,"href":"https:\/\/elisabethbytheseahotel.com\/ca\/wp-json\/wp\/v2\/comments?post=21"}],"version-history":[{"count":88,"href":"https:\/\/elisabethbytheseahotel.com\/ca\/wp-json\/wp\/v2\/pages\/21\/revisions"}],"predecessor-version":[{"id":4314,"href":"https:\/\/elisabethbytheseahotel.com\/ca\/wp-json\/wp\/v2\/pages\/21\/revisions\/4314"}],"wp:attachment":[{"href":"https:\/\/elisabethbytheseahotel.com\/ca\/wp-json\/wp\/v2\/media?parent=21"}],"curies":[{"name":"wp","href":"https:\/\/api.w.org\/{rel}","templated":true}]}}